{"id":1155,"date":"2022-02-19T16:17:55","date_gmt":"2022-02-19T16:17:55","guid":{"rendered":"http:\/\/projet-heremoana.com\/?page_id=1155"},"modified":"2024-04-21T13:30:29","modified_gmt":"2024-04-21T13:30:29","slug":"a-propos","status":"publish","type":"page","link":"http:\/\/projet-heremoana.com\/index.php\/a-propos\/","title":{"rendered":"\u00c0 propos"},"content":{"rendered":"\t\t<div data-elementor-type=\"wp-page\" data-elementor-id=\"1155\" class=\"elementor elementor-1155\">\n\t\t\t\t\t\t\t\t\t<section class=\"elementor-section elementor-top-section elementor-element elementor-element-3997e12 elementor-section-boxed elementor-section-height-default elementor-section-height-default\" data-id=\"3997e12\" data-element_type=\"section\">\n\t\t\t\t\t\t<div class=\"elementor-container elementor-column-gap-default\">\n\t\t\t\t\t<div class=\"elementor-column elementor-col-100 elementor-top-column elementor-element elementor-element-45ab4f4\" data-id=\"45ab4f4\" data-element_type=\"column\">\n\t\t\t<div class=\"elementor-widget-wrap elementor-element-populated\">\n\t\t\t\t\t\t\t\t<section class=\"elementor-section elementor-inner-section elementor-element elementor-element-e965531 elementor-section-boxed elementor-section-height-default elementor-section-height-default\" data-id=\"e965531\" data-element_type=\"section\" data-settings=\"{&quot;background_background&quot;:&quot;classic&quot;}\">\n\t\t\t\t\t\t<div class=\"elementor-container elementor-column-gap-default\">\n\t\t\t\t\t<div class=\"elementor-column elementor-col-50 elementor-inner-column elementor-element elementor-element-4a0f4c1\" data-id=\"4a0f4c1\" data-element_type=\"column\">\n\t\t\t<div class=\"elementor-widget-wrap elementor-element-populated\">\n\t\t\t\t\t\t\t\t<div class=\"elementor-element elementor-element-de69941 elementor-widget elementor-widget-image\" data-id=\"de69941\" data-element_type=\"widget\" data-widget_type=\"image.default\">\n\t\t\t\t<div class=\"elementor-widget-container\">\n\t\t\t<style>\/*! elementor - v3.17.0 - 08-11-2023 *\/\n.elementor-widget-image{text-align:center}.elementor-widget-image a{display:inline-block}.elementor-widget-image a img[src$=\".svg\"]{width:48px}.elementor-widget-image img{vertical-align:middle;display:inline-block}<\/style>\t\t\t\t\t\t\t\t\t\t\t\t<img decoding=\"async\" src=\"http:\/\/projet-heremoana.com\/wp-content\/uploads\/elementor\/thumbs\/Couv-retouche-1-pkspvn2ev8y65eib1hswpse75fdlwjqkc1yhdkwhjm.jpg\" title=\"Couv retouch\u00e9 1\" alt=\"Couv retouch\u00e9 1\" loading=\"lazy\" \/>\t\t\t\t\t\t\t\t\t\t\t\t\t\t\t<\/div>\n\t\t\t\t<\/div>\n\t\t\t\t\t<\/div>\n\t\t<\/div>\n\t\t\t\t<div class=\"elementor-column elementor-col-50 elementor-inner-column elementor-element elementor-element-593267f\" data-id=\"593267f\" data-element_type=\"column\">\n\t\t\t<div class=\"elementor-widget-wrap elementor-element-populated\">\n\t\t\t\t\t\t\t\t<div class=\"elementor-element elementor-element-e68163c elementor-widget elementor-widget-heading\" data-id=\"e68163c\" data-element_type=\"widget\" data-widget_type=\"heading.default\">\n\t\t\t\t<div class=\"elementor-widget-container\">\n\t\t\t<style>\/*! elementor - v3.17.0 - 08-11-2023 *\/\n.elementor-heading-title{padding:0;margin:0;line-height:1}.elementor-widget-heading .elementor-heading-title[class*=elementor-size-]>a{color:inherit;font-size:inherit;line-height:inherit}.elementor-widget-heading .elementor-heading-title.elementor-size-small{font-size:15px}.elementor-widget-heading .elementor-heading-title.elementor-size-medium{font-size:19px}.elementor-widget-heading .elementor-heading-title.elementor-size-large{font-size:29px}.elementor-widget-heading .elementor-heading-title.elementor-size-xl{font-size:39px}.elementor-widget-heading .elementor-heading-title.elementor-size-xxl{font-size:59px}<\/style><h3 class=\"elementor-heading-title elementor-size-default\">LE PROJET<\/h3>\t\t<\/div>\n\t\t\t\t<\/div>\n\t\t\t\t<div class=\"elementor-element elementor-element-05c1363 elementor-widget elementor-widget-text-editor\" data-id=\"05c1363\" data-element_type=\"widget\" data-widget_type=\"text-editor.default\">\n\t\t\t\t<div class=\"elementor-widget-container\">\n\t\t\t<style>\/*! elementor - v3.17.0 - 08-11-2023 *\/\n.elementor-widget-text-editor.elementor-drop-cap-view-stacked .elementor-drop-cap{background-color:#69727d;color:#fff}.elementor-widget-text-editor.elementor-drop-cap-view-framed .elementor-drop-cap{color:#69727d;border:3px solid;background-color:transparent}.elementor-widget-text-editor:not(.elementor-drop-cap-view-default) .elementor-drop-cap{margin-top:8px}.elementor-widget-text-editor:not(.elementor-drop-cap-view-default) .elementor-drop-cap-letter{width:1em;height:1em}.elementor-widget-text-editor .elementor-drop-cap{float:left;text-align:center;line-height:1;font-size:50px}.elementor-widget-text-editor .elementor-drop-cap-letter{display:inline-block}<\/style>\t\t\t\t<p>L&#8217;exp\u00e9dition Heremoana est un voyage autour du monde mais \u00e9galement un projet scientifique et \u00e9cologique.<br \/>Pendant deux ans, l&#8217;\u00e9quipage va partir \u00e0 la d\u00e9couverte des mers du globe en s&#8217;attachant \u00e0 r\u00e9duire son impact environnemental et en communiquant pour promouvoir un mode de vie plus respectueux de l&#8217;environnement et des oc\u00e9ans. La pr\u00e9paration du bateau avant le grand d\u00e9part suit la m\u00eame philosophie et nous t\u00e2chons de limiter les d\u00e9chets et d&#8217;utiliser des mat\u00e9riaux durables et\/ou \u00e9cocon\u00e7us au cours des travaux.<br \/>L&#8217;objectif est \u00e9galement de promouvoir le <em>Do it Yourself<\/em> en utilisant le voilier de l&#8217;exp\u00e9dition comme un v\u00e9ritable laboratoire pour des syst\u00e8mes con\u00e7us\u00a0 et fabriqu\u00e9s par l&#8217;\u00e9quipage !<br \/>Parmi ces projets nous pouvons citer :<\/p><p>&#8211; Une Centrale de navigation<br \/>&#8211; Un pilote automatique<br \/>&#8211; La Fabrication des voiles<br \/>&#8211; La Fabrication d&#8217;une planche de surf \u00e9cocon\u00e7ue<\/p><p>Le bateau est \u00e9galement mis \u00e0 disposition des scientifiques, des moyens de mesures sont embarqu\u00e9s pour r\u00e9aliser des pr\u00e9l\u00e8vement en mer. Ainsi l&#8217;exp\u00e9dition apporte sa\u00a0 petite pierre \u00e0 l&#8217;\u00e9difice de la recherche marine !<\/p><p>\u00a0<\/p>\t\t\t\t\t\t<\/div>\n\t\t\t\t<\/div>\n\t\t\t\t<div class=\"elementor-element elementor-element-831c247 elementor-widget elementor-widget-text-editor\" data-id=\"831c247\" data-element_type=\"widget\" data-widget_type=\"text-editor.default\">\n\t\t\t\t<div class=\"elementor-widget-container\">\n\t\t\t\t\t\t\t<p>Description de la genese d&#8217;Heremoana<br \/>(En savoir plus) &#8211;&gt; Renvoi sur le carnet de bord<\/p>\t\t\t\t\t\t<\/div>\n\t\t\t\t<\/div>\n\t\t\t\t\t<\/div>\n\t\t<\/div>\n\t\t\t\t\t\t\t<\/div>\n\t\t<\/section>\n\t\t\t\t<div class=\"elementor-element elementor-element-ae65d38 elementor-widget elementor-widget-image\" data-id=\"ae65d38\" data-element_type=\"widget\" data-widget_type=\"image.default\">\n\t\t\t\t<div class=\"elementor-widget-container\">\n\t\t\t\t\t\t\t\t\t\t\t\t\t\t\t<img loading=\"lazy\" decoding=\"async\" width=\"768\" height=\"637\" src=\"http:\/\/projet-heremoana.com\/wp-content\/uploads\/2022\/02\/Projet-768x637.png\" class=\"attachment-medium_large size-medium_large wp-image-1260\" alt=\"\" srcset=\"http:\/\/projet-heremoana.com\/wp-content\/uploads\/2022\/02\/Projet-768x637.png 768w, http:\/\/projet-heremoana.com\/wp-content\/uploads\/2022\/02\/Projet-300x249.png 300w, http:\/\/projet-heremoana.com\/wp-content\/uploads\/2022\/02\/Projet-1024x850.png 1024w, http:\/\/projet-heremoana.com\/wp-content\/uploads\/2022\/02\/Projet-1536x1275.png 1536w, http:\/\/projet-heremoana.com\/wp-content\/uploads\/2022\/02\/Projet-2048x1700.png 2048w\" sizes=\"auto, (max-width: 768px) 100vw, 768px\" \/>\t\t\t\t\t\t\t\t\t\t\t\t\t\t\t<\/div>\n\t\t\t\t<\/div>\n\t\t\t\t\t<\/div>\n\t\t<\/div>\n\t\t\t\t\t\t\t<\/div>\n\t\t<\/section>\n\t\t\t\t<section class=\"elementor-section elementor-top-section elementor-element elementor-element-61556d3 elementor-section-boxed elementor-section-height-default elementor-section-height-default\" data-id=\"61556d3\" data-element_type=\"section\" data-settings=\"{&quot;background_background&quot;:&quot;classic&quot;}\">\n\t\t\t\t\t\t<div class=\"elementor-container elementor-column-gap-default\">\n\t\t\t\t\t<div class=\"elementor-column elementor-col-100 elementor-top-column elementor-element elementor-element-f5bd4b8\" data-id=\"f5bd4b8\" data-element_type=\"column\" data-settings=\"{&quot;background_background&quot;:&quot;classic&quot;}\">\n\t\t\t<div class=\"elementor-widget-wrap elementor-element-populated\">\n\t\t\t\t\t\t\t\t<div class=\"elementor-element elementor-element-4eedaa3 elementor-widget elementor-widget-heading\" data-id=\"4eedaa3\" data-element_type=\"widget\" data-widget_type=\"heading.default\">\n\t\t\t\t<div class=\"elementor-widget-container\">\n\t\t\t<h3 class=\"elementor-heading-title elementor-size-default\">L'\u00c9QUIPAGE<\/h3>\t\t<\/div>\n\t\t\t\t<\/div>\n\t\t\t\t<div class=\"elementor-element elementor-element-02abf58 elementor-widget elementor-widget-image\" data-id=\"02abf58\" data-element_type=\"widget\" data-widget_type=\"image.default\">\n\t\t\t\t<div class=\"elementor-widget-container\">\n\t\t\t\t\t\t\t\t\t\t\t\t\t\t\t<img loading=\"lazy\" decoding=\"async\" width=\"1024\" height=\"581\" src=\"http:\/\/projet-heremoana.com\/wp-content\/uploads\/2022\/02\/G0070412-scaled-e1645373895612-1024x581.jpg\" class=\"attachment-large size-large wp-image-1263\" alt=\"\" srcset=\"http:\/\/projet-heremoana.com\/wp-content\/uploads\/2022\/02\/G0070412-scaled-e1645373895612-1024x581.jpg 1024w, http:\/\/projet-heremoana.com\/wp-content\/uploads\/2022\/02\/G0070412-scaled-e1645373895612-300x170.jpg 300w, http:\/\/projet-heremoana.com\/wp-content\/uploads\/2022\/02\/G0070412-scaled-e1645373895612-768x436.jpg 768w, http:\/\/projet-heremoana.com\/wp-content\/uploads\/2022\/02\/G0070412-scaled-e1645373895612-1536x871.jpg 1536w, http:\/\/projet-heremoana.com\/wp-content\/uploads\/2022\/02\/G0070412-scaled-e1645373895612-2048x1162.jpg 2048w\" sizes=\"auto, (max-width: 1024px) 100vw, 1024px\" \/>\t\t\t\t\t\t\t\t\t\t\t\t\t\t\t<\/div>\n\t\t\t\t<\/div>\n\t\t\t\t<section class=\"elementor-section elementor-inner-section elementor-element elementor-element-013f872 elementor-section-boxed elementor-section-height-default elementor-section-height-default\" data-id=\"013f872\" data-element_type=\"section\">\n\t\t\t\t\t\t<div class=\"elementor-container elementor-column-gap-default\">\n\t\t\t\t\t<div class=\"elementor-column elementor-col-50 elementor-inner-column elementor-element elementor-element-41e5536\" data-id=\"41e5536\" data-element_type=\"column\">\n\t\t\t<div class=\"elementor-widget-wrap elementor-element-populated\">\n\t\t\t\t\t\t\t\t<div class=\"elementor-element elementor-element-a0ba82e elementor-widget elementor-widget-image\" data-id=\"a0ba82e\" data-element_type=\"widget\" data-widget_type=\"image.default\">\n\t\t\t\t<div class=\"elementor-widget-container\">\n\t\t\t\t\t\t\t\t\t\t\t\t\t\t\t<img loading=\"lazy\" decoding=\"async\" width=\"150\" height=\"150\" src=\"http:\/\/projet-heremoana.com\/wp-content\/uploads\/2022\/03\/GOGE-01-150x150.png\" class=\"attachment-thumbnail size-thumbnail wp-image-1299\" alt=\"\" srcset=\"http:\/\/projet-heremoana.com\/wp-content\/uploads\/2022\/03\/GOGE-01-150x150.png 150w, http:\/\/projet-heremoana.com\/wp-content\/uploads\/2022\/03\/GOGE-01-300x300.png 300w, http:\/\/projet-heremoana.com\/wp-content\/uploads\/2022\/03\/GOGE-01.png 355w\" sizes=\"auto, (max-width: 150px) 100vw, 150px\" \/>\t\t\t\t\t\t\t\t\t\t\t\t\t\t\t<\/div>\n\t\t\t\t<\/div>\n\t\t\t\t\t<\/div>\n\t\t<\/div>\n\t\t\t\t<div class=\"elementor-column elementor-col-50 elementor-inner-column elementor-element elementor-element-cbd6df1\" data-id=\"cbd6df1\" data-element_type=\"column\">\n\t\t\t<div class=\"elementor-widget-wrap elementor-element-populated\">\n\t\t\t\t\t\t\t\t<div class=\"elementor-element elementor-element-61e0927 elementor-widget elementor-widget-heading\" data-id=\"61e0927\" data-element_type=\"widget\" data-widget_type=\"heading.default\">\n\t\t\t\t<div class=\"elementor-widget-container\">\n\t\t\t<h4 class=\"elementor-heading-title elementor-size-default\">Pierre<\/h4>\t\t<\/div>\n\t\t\t\t<\/div>\n\t\t\t\t<div class=\"elementor-element elementor-element-30c3ab6 elementor-widget elementor-widget-text-editor\" data-id=\"30c3ab6\" data-element_type=\"widget\" data-widget_type=\"text-editor.default\">\n\t\t\t\t<div class=\"elementor-widget-container\">\n\t\t\t\t\t\t\t<p>Pierre est chercheur \u00e0 l\u2019IFREMER. Il \u00e9tudie les tortues marines dans le but d\u2019am\u00e9liorer leur conservation.<br \/>Veritable McGuyver de l&#8217;\u00e9lectronique, c&#8217;est lui qui est en charge de la maintenance des syst\u00e8mes \u00e0 bord\u00a0<\/p>\t\t\t\t\t\t<\/div>\n\t\t\t\t<\/div>\n\t\t\t\t\t<\/div>\n\t\t<\/div>\n\t\t\t\t\t\t\t<\/div>\n\t\t<\/section>\n\t\t\t\t<section class=\"elementor-section elementor-inner-section elementor-element elementor-element-03754e8 elementor-section-boxed elementor-section-height-default elementor-section-height-default\" data-id=\"03754e8\" data-element_type=\"section\">\n\t\t\t\t\t\t<div class=\"elementor-container elementor-column-gap-default\">\n\t\t\t\t\t<div class=\"elementor-column elementor-col-50 elementor-inner-column elementor-element elementor-element-232d183\" data-id=\"232d183\" data-element_type=\"column\">\n\t\t\t<div class=\"elementor-widget-wrap elementor-element-populated\">\n\t\t\t\t\t\t\t\t<div class=\"elementor-element elementor-element-50d7bb5 elementor-widget elementor-widget-heading\" data-id=\"50d7bb5\" data-element_type=\"widget\" data-widget_type=\"heading.default\">\n\t\t\t\t<div class=\"elementor-widget-container\">\n\t\t\t<h4 class=\"elementor-heading-title elementor-size-default\">Guillaume<\/h4>\t\t<\/div>\n\t\t\t\t<\/div>\n\t\t\t\t<div class=\"elementor-element elementor-element-39b4b97 elementor-widget elementor-widget-text-editor\" data-id=\"39b4b97\" data-element_type=\"widget\" data-widget_type=\"text-editor.default\">\n\t\t\t\t<div class=\"elementor-widget-container\">\n\t\t\t\t\t\t\t<p>Guillaume d\u00e9veloppe des syst\u00e8mes de traction v\u00e9lique pour les bateaux de commerce.<br>C&#8217;est le Monsieur moteur de l&#8217;\u00e9quipage !<\/p>\t\t\t\t\t\t<\/div>\n\t\t\t\t<\/div>\n\t\t\t\t\t<\/div>\n\t\t<\/div>\n\t\t\t\t<div class=\"elementor-column elementor-col-50 elementor-inner-column elementor-element elementor-element-3a139e3\" data-id=\"3a139e3\" data-element_type=\"column\">\n\t\t\t<div class=\"elementor-widget-wrap elementor-element-populated\">\n\t\t\t\t\t\t\t\t<div class=\"elementor-element elementor-element-36e60dd elementor-widget elementor-widget-image\" data-id=\"36e60dd\" data-element_type=\"widget\" data-widget_type=\"image.default\">\n\t\t\t\t<div class=\"elementor-widget-container\">\n\t\t\t\t\t\t\t\t\t\t\t\t\t\t\t<img loading=\"lazy\" decoding=\"async\" width=\"150\" height=\"150\" src=\"http:\/\/projet-heremoana.com\/wp-content\/uploads\/2022\/03\/Jouvy-01-150x150.png\" class=\"attachment-thumbnail size-thumbnail wp-image-1295\" alt=\"\" srcset=\"http:\/\/projet-heremoana.com\/wp-content\/uploads\/2022\/03\/Jouvy-01-150x150.png 150w, http:\/\/projet-heremoana.com\/wp-content\/uploads\/2022\/03\/Jouvy-01-300x300.png 300w, http:\/\/projet-heremoana.com\/wp-content\/uploads\/2022\/03\/Jouvy-01.png 355w\" sizes=\"auto, (max-width: 150px) 100vw, 150px\" \/>\t\t\t\t\t\t\t\t\t\t\t\t\t\t\t<\/div>\n\t\t\t\t<\/div>\n\t\t\t\t\t<\/div>\n\t\t<\/div>\n\t\t\t\t\t\t\t<\/div>\n\t\t<\/section>\n\t\t\t\t<section class=\"elementor-section elementor-inner-section elementor-element elementor-element-9fbbd3b elementor-section-boxed elementor-section-height-default elementor-section-height-default\" data-id=\"9fbbd3b\" data-element_type=\"section\">\n\t\t\t\t\t\t<div class=\"elementor-container elementor-column-gap-default\">\n\t\t\t\t\t<div class=\"elementor-column elementor-col-50 elementor-inner-column elementor-element elementor-element-7115c68\" data-id=\"7115c68\" data-element_type=\"column\">\n\t\t\t<div class=\"elementor-widget-wrap elementor-element-populated\">\n\t\t\t\t\t\t\t\t<div class=\"elementor-element elementor-element-d5d7c20 elementor-widget elementor-widget-image\" data-id=\"d5d7c20\" data-element_type=\"widget\" data-widget_type=\"image.default\">\n\t\t\t\t<div class=\"elementor-widget-container\">\n\t\t\t\t\t\t\t\t\t\t\t\t\t\t\t<img loading=\"lazy\" decoding=\"async\" width=\"150\" height=\"150\" src=\"http:\/\/projet-heremoana.com\/wp-content\/uploads\/2022\/03\/Banane-01-150x150.png\" class=\"attachment-thumbnail size-thumbnail wp-image-1298\" alt=\"\" srcset=\"http:\/\/projet-heremoana.com\/wp-content\/uploads\/2022\/03\/Banane-01-150x150.png 150w, http:\/\/projet-heremoana.com\/wp-content\/uploads\/2022\/03\/Banane-01-300x300.png 300w, http:\/\/projet-heremoana.com\/wp-content\/uploads\/2022\/03\/Banane-01.png 355w\" sizes=\"auto, (max-width: 150px) 100vw, 150px\" \/>\t\t\t\t\t\t\t\t\t\t\t\t\t\t\t<\/div>\n\t\t\t\t<\/div>\n\t\t\t\t\t<\/div>\n\t\t<\/div>\n\t\t\t\t<div class=\"elementor-column elementor-col-50 elementor-inner-column elementor-element elementor-element-de36686\" data-id=\"de36686\" data-element_type=\"column\">\n\t\t\t<div class=\"elementor-widget-wrap elementor-element-populated\">\n\t\t\t\t\t\t\t\t<div class=\"elementor-element elementor-element-789dba9 elementor-widget elementor-widget-heading\" data-id=\"789dba9\" data-element_type=\"widget\" data-widget_type=\"heading.default\">\n\t\t\t\t<div class=\"elementor-widget-container\">\n\t\t\t<h4 class=\"elementor-heading-title elementor-size-default\">Tristan<\/h4>\t\t<\/div>\n\t\t\t\t<\/div>\n\t\t\t\t<div class=\"elementor-element elementor-element-c35459e elementor-widget elementor-widget-text-editor\" data-id=\"c35459e\" data-element_type=\"widget\" data-widget_type=\"text-editor.default\">\n\t\t\t\t<div class=\"elementor-widget-container\">\n\t\t\t\t\t\t\t<p>Tristan d\u00e9veloppe les mat\u00e9riaux dont seront faites les voiles de demain chez Incidence Sails<\/p>\t\t\t\t\t\t<\/div>\n\t\t\t\t<\/div>\n\t\t\t\t\t<\/div>\n\t\t<\/div>\n\t\t\t\t\t\t\t<\/div>\n\t\t<\/section>\n\t\t\t\t<section class=\"elementor-section elementor-inner-section elementor-element elementor-element-72fc5c8 elementor-section-boxed elementor-section-height-default elementor-section-height-default\" data-id=\"72fc5c8\" data-element_type=\"section\">\n\t\t\t\t\t\t<div class=\"elementor-container elementor-column-gap-default\">\n\t\t\t\t\t<div class=\"elementor-column elementor-col-50 elementor-inner-column elementor-element elementor-element-b05dc26\" data-id=\"b05dc26\" data-element_type=\"column\">\n\t\t\t<div class=\"elementor-widget-wrap elementor-element-populated\">\n\t\t\t\t\t\t\t\t<div class=\"elementor-element elementor-element-2a54ad8 elementor-widget elementor-widget-heading\" data-id=\"2a54ad8\" data-element_type=\"widget\" data-widget_type=\"heading.default\">\n\t\t\t\t<div class=\"elementor-widget-container\">\n\t\t\t<h4 class=\"elementor-heading-title elementor-size-default\">Damien<\/h4>\t\t<\/div>\n\t\t\t\t<\/div>\n\t\t\t\t<div class=\"elementor-element elementor-element-cc79c04 elementor-widget elementor-widget-text-editor\" data-id=\"cc79c04\" data-element_type=\"widget\" data-widget_type=\"text-editor.default\">\n\t\t\t\t<div class=\"elementor-widget-container\">\n\t\t\t\t\t\t\t<p>Damien con\u00e7oit des bateaux \u00e9lectriques \u00e9quip\u00e9s des foils chez Neocean<\/p>\t\t\t\t\t\t<\/div>\n\t\t\t\t<\/div>\n\t\t\t\t\t<\/div>\n\t\t<\/div>\n\t\t\t\t<div class=\"elementor-column elementor-col-50 elementor-inner-column elementor-element elementor-element-45bbd50\" data-id=\"45bbd50\" data-element_type=\"column\">\n\t\t\t<div class=\"elementor-widget-wrap elementor-element-populated\">\n\t\t\t\t\t\t\t\t<div class=\"elementor-element elementor-element-18a9e71 elementor-widget elementor-widget-image\" data-id=\"18a9e71\" data-element_type=\"widget\" data-widget_type=\"image.default\">\n\t\t\t\t<div class=\"elementor-widget-container\">\n\t\t\t\t\t\t\t\t\t\t\t\t\t\t\t<img loading=\"lazy\" decoding=\"async\" width=\"150\" height=\"150\" src=\"http:\/\/projet-heremoana.com\/wp-content\/uploads\/2022\/03\/DUDU-01-150x150.png\" class=\"attachment-thumbnail size-thumbnail wp-image-1303\" alt=\"\" srcset=\"http:\/\/projet-heremoana.com\/wp-content\/uploads\/2022\/03\/DUDU-01-150x150.png 150w, http:\/\/projet-heremoana.com\/wp-content\/uploads\/2022\/03\/DUDU-01-300x300.png 300w, http:\/\/projet-heremoana.com\/wp-content\/uploads\/2022\/03\/DUDU-01.png 355w\" sizes=\"auto, (max-width: 150px) 100vw, 150px\" \/>\t\t\t\t\t\t\t\t\t\t\t\t\t\t\t<\/div>\n\t\t\t\t<\/div>\n\t\t\t\t\t<\/div>\n\t\t<\/div>\n\t\t\t\t\t\t\t<\/div>\n\t\t<\/section>\n\t\t\t\t\t<\/div>\n\t\t<\/div>\n\t\t\t\t\t\t\t<\/div>\n\t\t<\/section>\n\t\t\t\t<section class=\"elementor-section elementor-top-section elementor-element elementor-element-091ceb8 elementor-section-boxed elementor-section-height-default elementor-section-height-default\" data-id=\"091ceb8\" data-element_type=\"section\">\n\t\t\t\t\t\t<div class=\"elementor-container elementor-column-gap-default\">\n\t\t\t\t\t<div class=\"elementor-column elementor-col-100 elementor-top-column elementor-element elementor-element-2883566\" data-id=\"2883566\" data-element_type=\"column\">\n\t\t\t<div class=\"elementor-widget-wrap elementor-element-populated\">\n\t\t\t\t\t\t\t\t<div class=\"elementor-element elementor-element-468126e elementor-widget elementor-widget-image\" data-id=\"468126e\" data-element_type=\"widget\" data-widget_type=\"image.default\">\n\t\t\t\t<div class=\"elementor-widget-container\">\n\t\t\t\t\t\t\t\t\t\t\t\t\t\t\t<img loading=\"lazy\" decoding=\"async\" width=\"1024\" height=\"576\" src=\"http:\/\/projet-heremoana.com\/wp-content\/uploads\/2022\/03\/Itineraire-1024x576.png\" class=\"attachment-large size-large wp-image-1290\" alt=\"\" srcset=\"http:\/\/projet-heremoana.com\/wp-content\/uploads\/2022\/03\/Itineraire-1024x576.png 1024w, http:\/\/projet-heremoana.com\/wp-content\/uploads\/2022\/03\/Itineraire-300x169.png 300w, http:\/\/projet-heremoana.com\/wp-content\/uploads\/2022\/03\/Itineraire-768x432.png 768w, http:\/\/projet-heremoana.com\/wp-content\/uploads\/2022\/03\/Itineraire-1536x865.png 1536w, http:\/\/projet-heremoana.com\/wp-content\/uploads\/2022\/03\/Itineraire-2048x1153.png 2048w\" sizes=\"auto, (max-width: 1024px) 100vw, 1024px\" \/>\t\t\t\t\t\t\t\t\t\t\t\t\t\t\t<\/div>\n\t\t\t\t<\/div>\n\t\t\t\t\t<\/div>\n\t\t<\/div>\n\t\t\t\t\t\t\t<\/div>\n\t\t<\/section>\n\t\t\t\t\t\t\t<\/div>\n\t\t","protected":false},"excerpt":{"rendered":"<p>LE PROJET L&#8217;exp\u00e9dition Heremoana est un voyage autour du monde mais \u00e9galement un projet scientifique et \u00e9cologique.Pendant deux ans, l&#8217;\u00e9quipage va partir \u00e0 la d\u00e9couverte des mers du globe en s&#8217;attachant \u00e0 r\u00e9duire son impact environnemental et en communiquant pour promouvoir un mode de vie plus respectueux de l&#8217;environnement et des oc\u00e9ans. La pr\u00e9paration du &hellip;<\/p>\n<p class=\"read-more\"> <a class=\"\" href=\"http:\/\/projet-heremoana.com\/index.php\/a-propos\/\"> <span class=\"screen-reader-text\">\u00c0 propos<\/span> Lire la suite\u00a0\u00bb<\/a><\/p>\n","protected":false},"author":1,"featured_media":0,"parent":0,"menu_order":0,"comment_status":"closed","ping_status":"closed","template":"","meta":{"site-sidebar-layout":"no-sidebar","site-content-layout":"page-builder","ast-global-header-display":"","ast-main-header-display":"","ast-hfb-above-header-display":"","ast-hfb-below-header-display":"","ast-hfb-mobile-header-display":"","site-post-title":"disabled","ast-breadcrumbs-content":"","ast-featured-img":"disabled","footer-sml-layout":"","theme-transparent-header-meta":"","adv-header-id-meta":"","stick-header-meta":"","header-above-stick-meta":"","header-main-stick-meta":"","header-below-stick-meta":"","footnotes":""},"folder":[],"class_list":["post-1155","page","type-page","status-publish","hentry"],"aioseo_notices":[],"_links":{"self":[{"href":"http:\/\/projet-heremoana.com\/index.php\/wp-json\/wp\/v2\/pages\/1155","targetHints":{"allow":["GET"]}}],"collection":[{"href":"http:\/\/projet-heremoana.com\/index.php\/wp-json\/wp\/v2\/pages"}],"about":[{"href":"http:\/\/projet-heremoana.com\/index.php\/wp-json\/wp\/v2\/types\/page"}],"author":[{"embeddable":true,"href":"http:\/\/projet-heremoana.com\/index.php\/wp-json\/wp\/v2\/users\/1"}],"replies":[{"embeddable":true,"href":"http:\/\/projet-heremoana.com\/index.php\/wp-json\/wp\/v2\/comments?post=1155"}],"version-history":[{"count":43,"href":"http:\/\/projet-heremoana.com\/index.php\/wp-json\/wp\/v2\/pages\/1155\/revisions"}],"predecessor-version":[{"id":4465,"href":"http:\/\/projet-heremoana.com\/index.php\/wp-json\/wp\/v2\/pages\/1155\/revisions\/4465"}],"wp:attachment":[{"href":"http:\/\/projet-heremoana.com\/index.php\/wp-json\/wp\/v2\/media?parent=1155"}],"wp:term":[{"taxonomy":"folder","embeddable":true,"href":"http:\/\/projet-heremoana.com\/index.php\/wp-json\/wp\/v2\/folder?post=1155"}],"curies":[{"name":"wp","href":"https:\/\/api.w.org\/{rel}","templated":true}]}}