{"id":2035,"date":"2022-10-25T09:48:08","date_gmt":"2022-10-25T09:48:08","guid":{"rendered":"http:\/\/projet-heremoana.com\/?page_id=2035"},"modified":"2023-01-18T09:36:01","modified_gmt":"2023-01-18T09:36:01","slug":"livetracking","status":"publish","type":"page","link":"http:\/\/projet-heremoana.com\/index.php\/livetracking\/","title":{"rendered":"Livetracking"},"content":{"rendered":"\t\t<div data-elementor-type=\"wp-page\" data-elementor-id=\"2035\" class=\"elementor elementor-2035\">\n\t\t\t\t\t\t\t\t\t<section class=\"elementor-section elementor-top-section elementor-element elementor-element-04d5320 elementor-section-boxed elementor-section-height-default elementor-section-height-default\" data-id=\"04d5320\" data-element_type=\"section\">\n\t\t\t\t\t\t<div class=\"elementor-container elementor-column-gap-default\">\n\t\t\t\t\t<div class=\"elementor-column elementor-col-100 elementor-top-column elementor-element elementor-element-3c90d69\" data-id=\"3c90d69\" data-element_type=\"column\">\n\t\t\t<div class=\"elementor-widget-wrap elementor-element-populated\">\n\t\t\t\t\t\t\t\t<div class=\"elementor-element elementor-element-c8ad469 elementor-widget elementor-widget-heading\" data-id=\"c8ad469\" data-element_type=\"widget\" data-widget_type=\"heading.default\">\n\t\t\t\t<div class=\"elementor-widget-container\">\n\t\t\t<style>\/*! elementor - v3.17.0 - 08-11-2023 *\/\n.elementor-heading-title{padding:0;margin:0;line-height:1}.elementor-widget-heading .elementor-heading-title[class*=elementor-size-]>a{color:inherit;font-size:inherit;line-height:inherit}.elementor-widget-heading .elementor-heading-title.elementor-size-small{font-size:15px}.elementor-widget-heading .elementor-heading-title.elementor-size-medium{font-size:19px}.elementor-widget-heading .elementor-heading-title.elementor-size-large{font-size:29px}.elementor-widget-heading .elementor-heading-title.elementor-size-xl{font-size:39px}.elementor-widget-heading .elementor-heading-title.elementor-size-xxl{font-size:59px}<\/style><h2 class=\"elementor-heading-title elementor-size-xl\">Balise CLS NEMO <\/h2>\t\t<\/div>\n\t\t\t\t<\/div>\n\t\t\t\t\t<\/div>\n\t\t<\/div>\n\t\t\t\t\t\t\t<\/div>\n\t\t<\/section>\n\t\t\t\t<section class=\"elementor-section elementor-top-section elementor-element elementor-element-382fba5 elementor-section-boxed elementor-section-height-default elementor-section-height-default\" data-id=\"382fba5\" data-element_type=\"section\">\n\t\t\t\t\t\t<div class=\"elementor-container elementor-column-gap-default\">\n\t\t\t\t\t<div class=\"elementor-column elementor-col-33 elementor-top-column elementor-element elementor-element-ea2f90c\" data-id=\"ea2f90c\" data-element_type=\"column\">\n\t\t\t<div class=\"elementor-widget-wrap elementor-element-populated\">\n\t\t\t\t\t\t\t\t<div class=\"elementor-element elementor-element-5b45538 elementor-widget elementor-widget-text-editor\" data-id=\"5b45538\" data-element_type=\"widget\" data-widget_type=\"text-editor.default\">\n\t\t\t\t<div class=\"elementor-widget-container\">\n\t\t\t<style>\/*! elementor - v3.17.0 - 08-11-2023 *\/\n.elementor-widget-text-editor.elementor-drop-cap-view-stacked .elementor-drop-cap{background-color:#69727d;color:#fff}.elementor-widget-text-editor.elementor-drop-cap-view-framed .elementor-drop-cap{color:#69727d;border:3px solid;background-color:transparent}.elementor-widget-text-editor:not(.elementor-drop-cap-view-default) .elementor-drop-cap{margin-top:8px}.elementor-widget-text-editor:not(.elementor-drop-cap-view-default) .elementor-drop-cap-letter{width:1em;height:1em}.elementor-widget-text-editor .elementor-drop-cap{float:left;text-align:center;line-height:1;font-size:50px}.elementor-widget-text-editor .elementor-drop-cap-letter{display:inline-block}<\/style>\t\t\t\t<p>Le Scuba Libre est \u00e9quip\u00e9e d&#8217;une NEMO, une balise qui permet d&#8217;assurer le suivi en direct du voilier. Cette balise, con\u00e7ue et fabriqu\u00e9e par CLS (Toulouse) permet habituellement le suivi des bateaux de p\u00eache en mer.<\/p>\n<p>Equip\u00e9e de modems cellulaires et Argos, elle enverra r\u00e9guli\u00e8rement la position du bateau, m\u00eame au milieu de l&#8217;oc\u00e9an ! Elle se recharge de fa\u00e7on autonome gr\u00e2ce \u00e0 son petit panneau solaire.<\/p>\n<p>\u00a0<\/p>\t\t\t\t\t\t<\/div>\n\t\t\t\t<\/div>\n\t\t\t\t\t<\/div>\n\t\t<\/div>\n\t\t\t\t<div class=\"elementor-column elementor-col-33 elementor-top-column elementor-element elementor-element-a135886\" data-id=\"a135886\" data-element_type=\"column\">\n\t\t\t<div class=\"elementor-widget-wrap elementor-element-populated\">\n\t\t\t\t\t\t\t\t<div class=\"elementor-element elementor-element-fa357a0 elementor-widget elementor-widget-image\" data-id=\"fa357a0\" data-element_type=\"widget\" data-widget_type=\"image.default\">\n\t\t\t\t<div class=\"elementor-widget-container\">\n\t\t\t<style>\/*! elementor - v3.17.0 - 08-11-2023 *\/\n.elementor-widget-image{text-align:center}.elementor-widget-image a{display:inline-block}.elementor-widget-image a img[src$=\".svg\"]{width:48px}.elementor-widget-image img{vertical-align:middle;display:inline-block}<\/style>\t\t\t\t\t\t\t\t\t\t\t\t<img loading=\"lazy\" decoding=\"async\" width=\"600\" height=\"399\" src=\"http:\/\/projet-heremoana.com\/wp-content\/uploads\/2022\/10\/NEMO-beacon.png\" class=\"attachment-1536x1536 size-1536x1536 wp-image-2151\" alt=\"\" srcset=\"http:\/\/projet-heremoana.com\/wp-content\/uploads\/2022\/10\/NEMO-beacon.png 600w, http:\/\/projet-heremoana.com\/wp-content\/uploads\/2022\/10\/NEMO-beacon-300x200.png 300w\" sizes=\"auto, (max-width: 600px) 100vw, 600px\" \/>\t\t\t\t\t\t\t\t\t\t\t\t\t\t\t<\/div>\n\t\t\t\t<\/div>\n\t\t\t\t\t<\/div>\n\t\t<\/div>\n\t\t\t\t<div class=\"elementor-column elementor-col-33 elementor-top-column elementor-element elementor-element-11ad34f\" data-id=\"11ad34f\" data-element_type=\"column\">\n\t\t\t<div class=\"elementor-widget-wrap elementor-element-populated\">\n\t\t\t\t\t\t\t\t<div class=\"elementor-element elementor-element-d9c3195 elementor-widget elementor-widget-image\" data-id=\"d9c3195\" data-element_type=\"widget\" data-widget_type=\"image.default\">\n\t\t\t\t<div class=\"elementor-widget-container\">\n\t\t\t\t\t\t\t\t\t\t\t\t\t\t\t<img loading=\"lazy\" decoding=\"async\" width=\"300\" height=\"255\" src=\"http:\/\/projet-heremoana.com\/wp-content\/uploads\/2022\/10\/CLS-logo-Grey-300x255.png\" class=\"attachment-medium size-medium wp-image-2153\" alt=\"\" srcset=\"http:\/\/projet-heremoana.com\/wp-content\/uploads\/2022\/10\/CLS-logo-Grey-300x255.png 300w, http:\/\/projet-heremoana.com\/wp-content\/uploads\/2022\/10\/CLS-logo-Grey-1024x870.png 1024w, http:\/\/projet-heremoana.com\/wp-content\/uploads\/2022\/10\/CLS-logo-Grey-768x653.png 768w, http:\/\/projet-heremoana.com\/wp-content\/uploads\/2022\/10\/CLS-logo-Grey.png 1506w\" sizes=\"auto, (max-width: 300px) 100vw, 300px\" \/>\t\t\t\t\t\t\t\t\t\t\t\t\t\t\t<\/div>\n\t\t\t\t<\/div>\n\t\t\t\t\t<\/div>\n\t\t<\/div>\n\t\t\t\t\t\t\t<\/div>\n\t\t<\/section>\n\t\t\t\t<section class=\"elementor-section elementor-top-section elementor-element elementor-element-72a5946 elementor-section-boxed elementor-section-height-default elementor-section-height-default\" data-id=\"72a5946\" data-element_type=\"section\">\n\t\t\t\t\t\t<div class=\"elementor-container elementor-column-gap-default\">\n\t\t\t\t\t<div class=\"elementor-column elementor-col-100 elementor-top-column elementor-element elementor-element-a831b58\" data-id=\"a831b58\" data-element_type=\"column\">\n\t\t\t<div class=\"elementor-widget-wrap elementor-element-populated\">\n\t\t\t\t\t\t\t\t<div class=\"elementor-element elementor-element-bb4b801 elementor-widget elementor-widget-heading\" data-id=\"bb4b801\" data-element_type=\"widget\" data-widget_type=\"heading.default\">\n\t\t\t\t<div class=\"elementor-widget-container\">\n\t\t\t<h2 class=\"elementor-heading-title elementor-size-xl\">Livetracking<\/h2>\t\t<\/div>\n\t\t\t\t<\/div>\n\t\t\t\t\t<\/div>\n\t\t<\/div>\n\t\t\t\t\t\t\t<\/div>\n\t\t<\/section>\n\t\t\t\t<section class=\"elementor-section elementor-top-section elementor-element elementor-element-2bbcfde elementor-section-boxed elementor-section-height-default elementor-section-height-default\" data-id=\"2bbcfde\" data-element_type=\"section\">\n\t\t\t\t\t\t<div class=\"elementor-container elementor-column-gap-default\">\n\t\t\t\t\t<div class=\"elementor-column elementor-col-100 elementor-top-column elementor-element elementor-element-a9f94f7\" data-id=\"a9f94f7\" data-element_type=\"column\">\n\t\t\t<div class=\"elementor-widget-wrap elementor-element-populated\">\n\t\t\t\t\t\t\t\t<div class=\"elementor-element elementor-element-b4f36e0 elementor-widget elementor-widget-text-editor\" data-id=\"b4f36e0\" data-element_type=\"widget\" data-widget_type=\"text-editor.default\">\n\t\t\t\t<div class=\"elementor-widget-container\">\n\t\t\t\t\t\t\t<p>La balise envoie la position du bateau toutes les 15mn \u00e0 proximit\u00e9 des c\u00f4tes (sous couverture cellulaire) ou toutes les heures en Argos lorsqu&#8217;il n&#8217;y a plus de couverture GSM. Le <em>livetracking<\/em> ci-dessous est actualis\u00e9 tous les jours.<\/p>\t\t\t\t\t\t<\/div>\n\t\t\t\t<\/div>\n\t\t\t\t\t<\/div>\n\t\t<\/div>\n\t\t\t\t\t\t\t<\/div>\n\t\t<\/section>\n\t\t\t\t<section class=\"elementor-section elementor-top-section elementor-element elementor-element-2c151b9b elementor-section-boxed elementor-section-height-default elementor-section-height-default\" data-id=\"2c151b9b\" data-element_type=\"section\">\n\t\t\t\t\t\t<div class=\"elementor-container elementor-column-gap-default\">\n\t\t\t\t\t<div class=\"elementor-column elementor-col-100 elementor-top-column elementor-element elementor-element-52a296fe\" data-id=\"52a296fe\" data-element_type=\"column\">\n\t\t\t<div class=\"elementor-widget-wrap elementor-element-populated\">\n\t\t\t\t\t\t\t\t<div class=\"elementor-element elementor-element-4af87b35 elementor-widget elementor-widget-text-editor\" data-id=\"4af87b35\" data-element_type=\"widget\" data-widget_type=\"text-editor.default\">\n\t\t\t\t<div class=\"elementor-widget-container\">\n\t\t\t\t\t\t\t<pre><code><div class=\"leaflet-map WPLeafletMap\" style=\"height:610px; width:100%;\"><\/div><script>\nwindow.WPLeafletMapPlugin = window.WPLeafletMapPlugin || [];\nwindow.WPLeafletMapPlugin.push(function WPLeafletMapShortcode() {\/*<script>*\/\nvar baseUrl = atob('aHR0cHM6Ly97c30udGlsZS5vcGVuc3RyZWV0bWFwLm9yZy97en0ve3h9L3t5fS5wbmc=');\nvar base = (!baseUrl && window.MQ) ? \n    window.MQ.mapLayer() : L.tileLayer(baseUrl, \n        L.Util.extend({}, {\n            detectRetina: 0,\n        }, \n        {\"subdomains\":\"abc\",\"noWrap\":false}        )\n    );\n    var options = L.Util.extend({}, {\n        layers: [base],\n        attributionControl: false\n    }, \n    {\"zoomControl\":true,\"scrollWheelZoom\":true,\"doubleClickZoom\":false,\"fitBounds\":true,\"minZoom\":0,\"maxZoom\":20,\"maxBounds\":null,\"attribution\":\"<a href=\\\"http:\\\/\\\/leafletjs.com\\\" title=\\\"Une biblioth\\u00e8que JS pour des cartes interactives\\\">Leaflet<\\\/a>; \\u00a9 <a href=\\\"http:\\\/\\\/www.openstreetmap.org\\\/copyright\\\">OpenStreetMap<\\\/a> contributeurs\"}, \n    {});\nwindow.WPLeafletMapPlugin.createMap(options).setView([44.67,-63.61],12);window.WPLeafletMapPlugin.createScale({});});<\/script>\n['.elevation.' gpx=\/wp-content\/uploads\/gpx\/heremoana_track.gpx chart=off autofitbounds=on altitude=0 speed=0 summary=inline wptlabels=1 uom=3 timestamps ]\n['.leaflet-extramarker.' lat=45.9736 lng=358.777 markercolor=green shape=circle icon=fa-anchor prefix=fa ]\n['.leaflet-extramarker.' lat=43.3672 lng=351.6145 markercolor=red shape=circle icon=fa-cog prefix=fa ]\n['.leaflet-extramarker.' lat=28.13175 lng=344.57645 markercolor=red shape=circle icon=fa-cog prefix=fa ]\n['.leaflet-extramarker.' lat=16.8824 lng=335.0034 markercolor=red shape=circle icon=fa-cog prefix=fa ]\n['.leaflet-extramarker.' lat=16.2508 lng=298.7387 markercolor=red shape=circle icon=fa-cog prefix=fa ]\n['.leaflet-extramarker.' lat=14.76005 lng=299.1087 markercolor=red shape=circle icon=fa-cog prefix=fa ]\n['.leaflet-extramarker.' lat=12.4632 lng=298.51555 markercolor=red shape=circle icon=fa-cog prefix=fa ]\n['.leaflet-extramarker.' lat=11.9477 lng=293.31705 markercolor=red shape=circle icon=fa-cog prefix=fa ]\n['.leaflet-extramarker.' lat=9.6101 lng=280.39065 markercolor=red shape=circle icon=fa-cog prefix=fa ]\n['.leaflet-extramarker.' lat=-9.80515 lng=220.9685 markercolor=red shape=circle icon=fa-cog prefix=fa ]\n['.leaflet-extramarker.' lat=-16.627 lng=216.43065 markercolor=red shape=circle icon=fa-cog prefix=fa ]\n['.leaflet-extramarker.' lat=-17.58 lng=210.38 markercolor=red shape=circle icon=fa-cog prefix=fa ]\n['.leaflet-extramarker.' lat=-16.84515 lng=208.51405 markercolor=red shape=circle icon=fa-cog prefix=fa ]\n['.leaflet-extramarker.' lat=-17.91585 lng=177.26715 markercolor=red shape=circle icon=fa-cog prefix=fa ]\n['.leaflet-extramarker.' lat=-13.2467 lng=166.59565 markercolor=red shape=circle icon=fa-cog prefix=fa ]\n['.leaflet-extramarker.' lat=-9.466 lng=147.15275 markercolor=red shape=circle icon=fa-cog prefix=fa ]\n['.leaflet-extramarker.' lat=-10.16675 lng=123.5667 markercolor=red shape=circle icon=fa-cog prefix=fa ]\n['.leaflet-extramarker.' lat=-8.4938 lng=119.8715 markercolor=red shape=circle icon=fa-cog prefix=fa ]\n['.leaflet-extramarker.' lat=-8.71935 lng=115.2425 markercolor=red shape=circle icon=fa-cog prefix=fa ]\n['.leaflet-extramarker.' lat=-1.0026 lng=100.38465 markercolor=red shape=circle icon=fa-cog prefix=fa ]\n['.leaflet-extramarker.' lat=4.22665 lng=73.5385 markercolor=red shape=circle icon=fa-cog prefix=fa ]\n['.leaflet-extramarker.' lat=11.602 lng=43.1296 markercolor=red shape=circle icon=fa-cog prefix=fa ]\n['.leaflet-extramarker.' lat=29.9471 lng=32.5737 markercolor=red shape=circle icon=fa-cog prefix=fa ]\n['.leaflet-extramarker.' lat=36.20235 lng=29.6322 markercolor=red shape=circle icon=fa-cog prefix=fa ]\n['.leaflet-extramarker.' lat=36.2206 lng=27.6039 markercolor=red shape=circle icon=fa-cog prefix=fa ]\n['.hover.' ]\n['.fullscreen.' ]<\/code><\/pre>\t\t\t\t\t\t<\/div>\n\t\t\t\t<\/div>\n\t\t\t\t\t<\/div>\n\t\t<\/div>\n\t\t\t\t\t\t\t<\/div>\n\t\t<\/section>\n\t\t\t\t<section class=\"elementor-section elementor-top-section elementor-element elementor-element-9fdc1af elementor-section-boxed elementor-section-height-default elementor-section-height-default\" data-id=\"9fdc1af\" data-element_type=\"section\">\n\t\t\t\t\t\t<div class=\"elementor-container elementor-column-gap-default\">\n\t\t\t\t\t<div class=\"elementor-column elementor-col-100 elementor-top-column elementor-element elementor-element-2971914\" data-id=\"2971914\" data-element_type=\"column\">\n\t\t\t<div class=\"elementor-widget-wrap elementor-element-populated\">\n\t\t\t\t\t\t\t\t<div class=\"elementor-element elementor-element-b82c988 elementor-widget elementor-widget-heading\" data-id=\"b82c988\" data-element_type=\"widget\" data-widget_type=\"heading.default\">\n\t\t\t\t<div class=\"elementor-widget-container\">\n\t\t\t<h2 class=\"elementor-heading-title elementor-size-xl\">Fishweb NEMO<\/h2>\t\t<\/div>\n\t\t\t\t<\/div>\n\t\t\t\t\t<\/div>\n\t\t<\/div>\n\t\t\t\t\t\t\t<\/div>\n\t\t<\/section>\n\t\t\t\t<section class=\"elementor-section elementor-top-section elementor-element elementor-element-e641db9 elementor-section-boxed elementor-section-height-default elementor-section-height-default\" data-id=\"e641db9\" data-element_type=\"section\">\n\t\t\t\t\t\t<div class=\"elementor-container elementor-column-gap-default\">\n\t\t\t\t\t<div class=\"elementor-column elementor-col-100 elementor-top-column elementor-element elementor-element-11bafed\" data-id=\"11bafed\" data-element_type=\"column\">\n\t\t\t<div class=\"elementor-widget-wrap elementor-element-populated\">\n\t\t\t\t\t\t\t\t<div class=\"elementor-element elementor-element-5e7f685 elementor-widget elementor-widget-text-editor\" data-id=\"5e7f685\" data-element_type=\"widget\" data-widget_type=\"text-editor.default\">\n\t\t\t\t<div class=\"elementor-widget-container\">\n\t\t\t\t\t\t\t<p>Le suivi en direct est possible sur la plateforme CLS <a href=\"https:\/\/fishweb-nemo.cls.fr\/umv\/#!&amp;page=loginPage\">Fishweb NEMO<\/a>, o\u00f9 il faut s&#8217;authentifier pour avoir acc\u00e8s \u00e0 la cartographie.<br \/>Cette interface permet \u00e0 nos 4 marins d&#8217;analyser leur trac\u00e9 avec pr\u00e9cisions, avec les relev\u00e9s r\u00e9guliers de position, cap et vitesse, de m\u00eame que l&#8217;affichage des conditions m\u00e9t\u00e9orologiques pr\u00e9visionnelles.<\/p><p>Voici un exemple du trac\u00e9 obtenu lors d&#8217;un tour de l&#8217;\u00eele d&#8217;Aix mi-octobre :<\/p>\t\t\t\t\t\t<\/div>\n\t\t\t\t<\/div>\n\t\t\t\t\t<\/div>\n\t\t<\/div>\n\t\t\t\t\t\t\t<\/div>\n\t\t<\/section>\n\t\t\t\t<section class=\"elementor-section elementor-top-section elementor-element elementor-element-07fa821 elementor-section-boxed elementor-section-height-default elementor-section-height-default\" data-id=\"07fa821\" data-element_type=\"section\">\n\t\t\t\t\t\t<div class=\"elementor-container elementor-column-gap-default\">\n\t\t\t\t\t<div class=\"elementor-column elementor-col-100 elementor-top-column elementor-element elementor-element-cf1ea4b\" data-id=\"cf1ea4b\" data-element_type=\"column\">\n\t\t\t<div class=\"elementor-widget-wrap elementor-element-populated\">\n\t\t\t\t\t\t\t\t<div class=\"elementor-element elementor-element-90b73fe elementor-widget elementor-widget-image\" data-id=\"90b73fe\" data-element_type=\"widget\" data-widget_type=\"image.default\">\n\t\t\t\t<div class=\"elementor-widget-container\">\n\t\t\t\t\t\t\t\t\t\t\t\t\t\t\t<img loading=\"lazy\" decoding=\"async\" width=\"1024\" height=\"552\" src=\"http:\/\/projet-heremoana.com\/wp-content\/uploads\/2022\/10\/Fishweb-1024x552.png\" class=\"attachment-large size-large wp-image-2158\" alt=\"\" srcset=\"http:\/\/projet-heremoana.com\/wp-content\/uploads\/2022\/10\/Fishweb-1024x552.png 1024w, http:\/\/projet-heremoana.com\/wp-content\/uploads\/2022\/10\/Fishweb-300x162.png 300w, http:\/\/projet-heremoana.com\/wp-content\/uploads\/2022\/10\/Fishweb-768x414.png 768w, http:\/\/projet-heremoana.com\/wp-content\/uploads\/2022\/10\/Fishweb-1536x829.png 1536w, http:\/\/projet-heremoana.com\/wp-content\/uploads\/2022\/10\/Fishweb.png 1720w\" sizes=\"auto, (max-width: 1024px) 100vw, 1024px\" \/>\t\t\t\t\t\t\t\t\t\t\t\t\t\t\t<\/div>\n\t\t\t\t<\/div>\n\t\t\t\t\t<\/div>\n\t\t<\/div>\n\t\t\t\t\t\t\t<\/div>\n\t\t<\/section>\n\t\t\t\t\t\t\t<\/div>\n\t\t","protected":false},"excerpt":{"rendered":"<p>Balise CLS NEMO Le Scuba Libre est \u00e9quip\u00e9e d&#8217;une NEMO, une balise qui permet d&#8217;assurer le suivi en direct du voilier. Cette balise, con\u00e7ue et fabriqu\u00e9e par CLS (Toulouse) permet habituellement le suivi des bateaux de p\u00eache en mer. Equip\u00e9e de modems cellulaires et Argos, elle enverra r\u00e9guli\u00e8rement la position du bateau, m\u00eame au milieu &hellip;<\/p>\n<p class=\"read-more\"> <a class=\"\" href=\"http:\/\/projet-heremoana.com\/index.php\/livetracking\/\"> <span class=\"screen-reader-text\">Livetracking<\/span> Lire la suite\u00a0\u00bb<\/a><\/p>\n","protected":false},"author":4,"featured_media":0,"parent":0,"menu_order":0,"comment_status":"closed","ping_status":"closed","template":"","meta":{"site-sidebar-layout":"no-sidebar","site-content-layout":"page-builder","ast-global-header-display":"","ast-main-header-display":"","ast-hfb-above-header-display":"","ast-hfb-below-header-display":"","ast-hfb-mobile-header-display":"","site-post-title":"disabled","ast-breadcrumbs-content":"","ast-featured-img":"disabled","footer-sml-layout":"","theme-transparent-header-meta":"","adv-header-id-meta":"","stick-header-meta":"","header-above-stick-meta":"","header-main-stick-meta":"","header-below-stick-meta":"","footnotes":""},"folder":[],"class_list":["post-2035","page","type-page","status-publish","hentry"],"aioseo_notices":[],"_links":{"self":[{"href":"http:\/\/projet-heremoana.com\/index.php\/wp-json\/wp\/v2\/pages\/2035","targetHints":{"allow":["GET"]}}],"collection":[{"href":"http:\/\/projet-heremoana.com\/index.php\/wp-json\/wp\/v2\/pages"}],"about":[{"href":"http:\/\/projet-heremoana.com\/index.php\/wp-json\/wp\/v2\/types\/page"}],"author":[{"embeddable":true,"href":"http:\/\/projet-heremoana.com\/index.php\/wp-json\/wp\/v2\/users\/4"}],"replies":[{"embeddable":true,"href":"http:\/\/projet-heremoana.com\/index.php\/wp-json\/wp\/v2\/comments?post=2035"}],"version-history":[{"count":200,"href":"http:\/\/projet-heremoana.com\/index.php\/wp-json\/wp\/v2\/pages\/2035\/revisions"}],"predecessor-version":[{"id":2785,"href":"http:\/\/projet-heremoana.com\/index.php\/wp-json\/wp\/v2\/pages\/2035\/revisions\/2785"}],"wp:attachment":[{"href":"http:\/\/projet-heremoana.com\/index.php\/wp-json\/wp\/v2\/media?parent=2035"}],"wp:term":[{"taxonomy":"folder","embeddable":true,"href":"http:\/\/projet-heremoana.com\/index.php\/wp-json\/wp\/v2\/folder?post=2035"}],"curies":[{"name":"wp","href":"https:\/\/api.w.org\/{rel}","templated":true}]}}